{"id":787,"date":"2025-12-17T10:23:22","date_gmt":"2025-12-17T09:23:22","guid":{"rendered":"https:\/\/shop-de.webrakete.ch\/shop\/etuve-de-sechage-par-condensation-8-vetements-de-travail-complets\/"},"modified":"2025-12-17T10:23:22","modified_gmt":"2025-12-17T09:23:22","slug":"etuve-de-sechage-par-condensation-8-vetements-de-travail-complets","status":"publish","type":"product","link":"https:\/\/shop-ch.webrakete.ch\/fr\/shop\/etuve-de-sechage-par-condensation-8-vetements-de-travail-complets\/","title":{"rendered":"\u00c9tuve de s\u00e9chage par condensation 8 v\u00eatements de travail complets"},"excerpt":{"rendered":"<p>L&#8217; armoire de s\u00e9chage chauff\u00e9e avec s\u00e9chage par condensation permet d&#8217;obtenir des r\u00e9sultats rapides et efficaces en s\u00e9chant jusqu&#8217;\u00e0 8 vestes et pantalons de travail humides, ainsi que 8 paires de gants de travail et 8 paires de gants. D&#8217;autres gants de travail ou des bonnets, par exemple, peuvent \u00eatre facilement suspendus aux 16 supports [&hellip;]<\/p>\n","protected":false},"featured_media":788,"comment_status":"open","ping_status":"closed","template":"","meta":{"_acf_changed":false,"_et_pb_use_builder":"","_et_pb_old_content":"","_et_gb_content_width":""},"content_context":[71,73],"bl_product_kind":[],"product_brand":[],"product_cat":[103],"product_tag":[],"class_list":{"0":"post-787","1":"product","2":"type-product","3":"status-publish","4":"has-post-thumbnail","6":"product_cat-unkategorisiert","8":"first","9":"instock","10":"taxable","11":"shipping-taxable","12":"purchasable","13":"product-type-simple"},"acf":[],"yoast_head":"","yoast_head_json":[],"_links":{"self":[{"href":"https:\/\/shop-ch.webrakete.ch\/fr\/wp-json\/wp\/v2\/product\/787","targetHints":{"allow":["GET"]}}],"collection":[{"href":"https:\/\/shop-ch.webrakete.ch\/fr\/wp-json\/wp\/v2\/product"}],"about":[{"href":"https:\/\/shop-ch.webrakete.ch\/fr\/wp-json\/wp\/v2\/types\/product"}],"replies":[{"embeddable":true,"href":"https:\/\/shop-ch.webrakete.ch\/fr\/wp-json\/wp\/v2\/comments?post=787"}],"wp:featuredmedia":[{"embeddable":true,"href":"https:\/\/shop-ch.webrakete.ch\/fr\/wp-json\/wp\/v2\/media\/788"}],"wp:attachment":[{"href":"https:\/\/shop-ch.webrakete.ch\/fr\/wp-json\/wp\/v2\/media?parent=787"}],"wp:term":[{"taxonomy":"content_context","embeddable":true,"href":"https:\/\/shop-ch.webrakete.ch\/fr\/wp-json\/wp\/v2\/content_context?post=787"},{"taxonomy":"bl_product_kind","embeddable":true,"href":"https:\/\/shop-ch.webrakete.ch\/fr\/wp-json\/wp\/v2\/bl_product_kind?post=787"},{"taxonomy":"product_brand","embeddable":true,"href":"https:\/\/shop-ch.webrakete.ch\/fr\/wp-json\/wp\/v2\/product_brand?post=787"},{"taxonomy":"product_cat","embeddable":true,"href":"https:\/\/shop-ch.webrakete.ch\/fr\/wp-json\/wp\/v2\/product_cat?post=787"},{"taxonomy":"product_tag","embeddable":true,"href":"https:\/\/shop-ch.webrakete.ch\/fr\/wp-json\/wp\/v2\/product_tag?post=787"}],"curies":[{"name":"wp","href":"https:\/\/api.w.org\/{rel}","templated":true}]}}