{"id":775,"date":"2025-12-17T10:20:49","date_gmt":"2025-12-17T09:20:49","guid":{"rendered":"https:\/\/shop-de.webrakete.ch\/shop\/lave-bottes-acier-inoxydable-profi\/"},"modified":"2025-12-17T10:20:49","modified_gmt":"2025-12-17T09:20:49","slug":"lave-bottes-acier-inoxydable-profi","status":"publish","type":"product","link":"https:\/\/shop-ch.webrakete.ch\/fr\/shop\/lave-bottes-acier-inoxydable-profi\/","title":{"rendered":"Lave-bottes acier inoxydable Profi"},"excerpt":{"rendered":"<p>Le lave-bottes acier inoxydable professionnel est un lave-bottes professionnel destin\u00e9 \u00e0 une utilisation quotidienne intensive sur les chantiers, dans les postes de police et les casernes de pompiers ou dans les d\u00e9charges et les stations d&#8217;\u00e9puration. Le lave-bottes est fabriqu\u00e9 en t\u00f4le d&#8217;acier inoxydable de haute qualit\u00e9, d&#8217;une \u00e9paisseur de 2 mm, et peut \u00eatre [&hellip;]<\/p>\n","protected":false},"featured_media":777,"comment_status":"open","ping_status":"closed","template":"","meta":{"_acf_changed":false,"_et_pb_use_builder":"","_et_pb_old_content":"","_et_gb_content_width":""},"content_context":[71,72],"bl_product_kind":[],"product_brand":[],"product_cat":[103],"product_tag":[],"class_list":{"0":"post-775","1":"product","2":"type-product","3":"status-publish","4":"has-post-thumbnail","6":"product_cat-unkategorisiert","8":"first","9":"instock","10":"taxable","11":"shipping-taxable","12":"purchasable","13":"product-type-simple"},"acf":[],"yoast_head":"","yoast_head_json":[],"_links":{"self":[{"href":"https:\/\/shop-ch.webrakete.ch\/fr\/wp-json\/wp\/v2\/product\/775","targetHints":{"allow":["GET"]}}],"collection":[{"href":"https:\/\/shop-ch.webrakete.ch\/fr\/wp-json\/wp\/v2\/product"}],"about":[{"href":"https:\/\/shop-ch.webrakete.ch\/fr\/wp-json\/wp\/v2\/types\/product"}],"replies":[{"embeddable":true,"href":"https:\/\/shop-ch.webrakete.ch\/fr\/wp-json\/wp\/v2\/comments?post=775"}],"wp:featuredmedia":[{"embeddable":true,"href":"https:\/\/shop-ch.webrakete.ch\/fr\/wp-json\/wp\/v2\/media\/777"}],"wp:attachment":[{"href":"https:\/\/shop-ch.webrakete.ch\/fr\/wp-json\/wp\/v2\/media?parent=775"}],"wp:term":[{"taxonomy":"content_context","embeddable":true,"href":"https:\/\/shop-ch.webrakete.ch\/fr\/wp-json\/wp\/v2\/content_context?post=775"},{"taxonomy":"bl_product_kind","embeddable":true,"href":"https:\/\/shop-ch.webrakete.ch\/fr\/wp-json\/wp\/v2\/bl_product_kind?post=775"},{"taxonomy":"product_brand","embeddable":true,"href":"https:\/\/shop-ch.webrakete.ch\/fr\/wp-json\/wp\/v2\/product_brand?post=775"},{"taxonomy":"product_cat","embeddable":true,"href":"https:\/\/shop-ch.webrakete.ch\/fr\/wp-json\/wp\/v2\/product_cat?post=775"},{"taxonomy":"product_tag","embeddable":true,"href":"https:\/\/shop-ch.webrakete.ch\/fr\/wp-json\/wp\/v2\/product_tag?post=775"}],"curies":[{"name":"wp","href":"https:\/\/api.w.org\/{rel}","templated":true}]}}