{"id":776,"date":"2025-12-17T10:15:21","date_gmt":"2025-12-17T09:15:21","guid":{"rendered":"https:\/\/shop-de.webrakete.ch\/boutique-daccueil\/"},"modified":"2026-01-13T11:49:20","modified_gmt":"2026-01-13T10:49:20","slug":"boutique-daccueil","status":"publish","type":"page","link":"https:\/\/shop-ch.webrakete.ch\/fr\/boutique-daccueil\/","title":{"rendered":"Boutique d&#8217;accueil"},"content":{"rendered":"<p>[et_pb_section fb_built=&#8221;1&#8243; _builder_version=&#8221;4.25.1&#8243; _module_preset=&#8221;default&#8221; custom_padding=&#8221;0px||0px||false|false&#8221; global_colors_info=&#8221;{}&#8221;][et_pb_row column_structure=&#8221;1_2,1_2&#8243; _builder_version=&#8221;4.25.1&#8243; _module_preset=&#8221;default&#8221; global_colors_info=&#8221;{}&#8221;][et_pb_column type=&#8221;1_2&#8243; _builder_version=&#8221;4.25.1&#8243; _module_preset=&#8221;default&#8221; global_colors_info=&#8221;{}&#8221;][et_pb_text _builder_version=&#8221;4.25.1&#8243; _module_preset=&#8221;default&#8221; global_colors_info=&#8221;{}&#8221;]<\/p>\n<p>Vous souhaitez des conseils professionnels ? <a href=\"http:\/\/www.schuhputzmaschine.ch\/de\/info\/Rufen_Sie_uns_an!.html\"><u>N&#8217;h\u00e9sitez pas \u00e0 nous appeler :<\/u><\/a> +41 71 672 45 07 ou envoyez-nous un <a href=\"mailto:info@schuhputzmaschine.ch\"><u>e-mail<\/u><\/a>.<\/p>\n<p><img decoding=\"async\" src=\"https:\/\/www.schuhputzmaschine.ch\/custom_images\/haken_schuhputzmaschine_bordeaux.gif\"> <a href=\"http:\/\/www.schuhputzmaschine.ch\/de\/info\/Versandkostenfrei_in_EU_und_CH.html\"><u>Livraison gratuite<\/u><\/a> en Suisse et dans de nombreux pays de l&#8217;UE<br \/> (sauf consommables)<br \/><img decoding=\"async\" src=\"https:\/\/www.schuhputzmaschine.ch\/custom_images\/haken_schuhputzmaschine_bordeaux.gif\"> <a href=\"http:\/\/www.schuhputzmaschine.ch\/de\/info\/Referenzen.html\"><u>Plus de 6500 clients<\/u><\/a> nous font confiance depuis 1998<br \/> (quelques <a href=\"http:\/\/www.schuhputzmaschine.ch\/de\/info\/Kundenstimmen.html\"><u>T\u00e9moignages de clients<\/u><\/a>)<br \/><img decoding=\"async\" src=\"https:\/\/www.schuhputzmaschine.ch\/custom_images\/haken_schuhputzmaschine_bordeaux.gif\"> <a href=\"http:\/\/www.schuhputzmaschine.ch\/de\/info\/Rufen_Sie_uns_an!.html\"><u>Des conseils avis\u00e9s<\/u><\/a>&#8211; directement du professionnel !<\/p>\n<p>Votre \u00e9quipe BLUE LEVEL &#8211; Swiss Quality Service.<\/p>\n<p>[\/et_pb_text][\/et_pb_column][et_pb_column type=&#8221;1_2&#8243; _builder_version=&#8221;4.25.1&#8243; _module_preset=&#8221;default&#8221; global_colors_info=&#8221;{}&#8221;][et_pb_text _builder_version=&#8221;4.25.1&#8243; _module_preset=&#8221;default&#8221; global_colors_info=&#8221;{}&#8221;]<\/p>\n<p>Depuis 1998, nous concevons, fabriquons et commercialisons la gamme la plus compl\u00e8te de lave-bottes. <a href=\"http:\/\/www.schuhputzmaschine.ch\/de\/Stiefelwaschanlage\/\"><span style=\"color: #0068ab;\">Lave-bottes<\/span><\/a>, <a href=\"http:\/\/www.schuhputzmaschine.ch\/de\/Sohlenreinigungs_Maschinen\/\"><span style=\"color: #0068ab;\">Lave-semelles<\/span><\/a> ainsi que <a href=\"http:\/\/www.schuhputzmaschine.ch\/de\/Profi_Schuhputzmaschinen\/\"><span style=\"color: #0068ab;\">Cireuses \u00e0 chaussures<\/span><\/a> et <a href=\"http:\/\/www.schuhputzmaschine.ch\/de\/Schuhwaschanlage_Beton\/\"><span style=\"color: #0068ab;\">Machines \u00e0 laver les chaussures en b\u00e9ton<\/span><\/a>. Blue Level est sp\u00e9cialis\u00e9 dans les syst\u00e8mes de s\u00e9chage (<a href=\"http:\/\/www.schuhputzmaschine.ch\/de\/Schuhtrockner\/\"><span style=\"color: #0068ab;\">s\u00e9choirs \u00e0 chaussures<\/span><\/a>, <a href=\"http:\/\/www.schuhputzmaschine.ch\/de\/Trockenschrank\/\"><span style=\"color: #0068ab;\">armoires de s\u00e9chage<\/span><\/a>) et des produits en acier inoxydable dans le domaine de l&#8217;hygi\u00e8ne (<a href=\"http:\/\/www.schuhputzmaschine.ch\/de\/info\/Informationen_zu_Hygieneschleusen.html\"><span style=\"color: #0068ab;\">Sas d&#8217;hygi\u00e8ne<\/span><\/a>, <span style=\"color: #0068ab;\">d\u00e9sinfection des semelles<\/span>). <\/p>\n<p>Nous nous distinguons par des syst\u00e8mes de nettoyage innovants. Avec le syst\u00e8me automatique de <a href=\"http:\/\/www.schuhputzmaschine.ch\/de\/Reifenreinigung_ProfilGate\/\"><span style=\"color: #0068ab;\">syst\u00e8me de nettoyage des pneus<\/span><\/a> ProfilGate et le syst\u00e8me de nettoyage de pneus cent fois \u00e9prouv\u00e9 <a href=\"http:\/\/www.schuhputzmaschine.ch\/de\/Automatischer_Ueberschuhspender\/\"><span style=\"color: #0068ab;\">distributeur automatique de surchaussures<\/span><\/a> pour les couvre-chaussures jetables. <\/p>\n<p>[\/et_pb_text][\/et_pb_column][\/et_pb_row][\/et_pb_section][et_pb_section fb_built=&#8221;1&#8243; _builder_version=&#8221;4.25.1&#8243; _module_preset=&#8221;default&#8221; custom_margin=&#8221;0px||0px||false|false&#8221; custom_padding=&#8221;0px||0px||false|false&#8221; global_colors_info=&#8221;{}&#8221;][et_pb_row _builder_version=&#8221;4.25.1&#8243; _module_preset=&#8221;default&#8221; global_colors_info=&#8221;{}&#8221;][et_pb_column type=&#8221;4_4&#8243; _builder_version=&#8221;4.25.1&#8243; _module_preset=&#8221;default&#8221; global_colors_info=&#8221;{}&#8221;][et_pb_shop _builder_version=&#8221;4.25.1&#8243; _module_preset=&#8221;default&#8221; global_colors_info=&#8221;{}&#8221;][\/et_pb_shop][\/et_pb_column][\/et_pb_row][\/et_pb_section]<\/p>\n","protected":false},"excerpt":{"rendered":"<p>Vous souhaitez des conseils professionnels ? N&#8217;h\u00e9sitez pas \u00e0 nous appeler : +41 71 672 45 07 ou envoyez-nous un e-mail. Livraison gratuite en Suisse et dans de nombreux pays de l&#8217;UE (sauf consommables) Plus de 6500 clients nous font confiance depuis 1998 (quelques T\u00e9moignages de clients) Des conseils avis\u00e9s- directement du professionnel ! Votre [&hellip;]<\/p>\n","protected":false},"author":1,"featured_media":0,"parent":0,"menu_order":0,"comment_status":"closed","ping_status":"closed","template":"","meta":{"_acf_changed":false,"_et_pb_use_builder":"on","_et_pb_old_content":"","_et_gb_content_width":"","footnotes":""},"content_context":[71],"page_role":[90],"class_list":["post-776","page","type-page","status-publish","hentry"],"acf":[],"yoast_head":"","yoast_head_json":[],"_links":{"self":[{"href":"https:\/\/shop-ch.webrakete.ch\/fr\/wp-json\/wp\/v2\/pages\/776","targetHints":{"allow":["GET"]}}],"collection":[{"href":"https:\/\/shop-ch.webrakete.ch\/fr\/wp-json\/wp\/v2\/pages"}],"about":[{"href":"https:\/\/shop-ch.webrakete.ch\/fr\/wp-json\/wp\/v2\/types\/page"}],"author":[{"embeddable":true,"href":"https:\/\/shop-ch.webrakete.ch\/fr\/wp-json\/wp\/v2\/users\/1"}],"replies":[{"embeddable":true,"href":"https:\/\/shop-ch.webrakete.ch\/fr\/wp-json\/wp\/v2\/comments?post=776"}],"version-history":[{"count":4,"href":"https:\/\/shop-ch.webrakete.ch\/fr\/wp-json\/wp\/v2\/pages\/776\/revisions"}],"predecessor-version":[{"id":785,"href":"https:\/\/shop-ch.webrakete.ch\/fr\/wp-json\/wp\/v2\/pages\/776\/revisions\/785"}],"wp:attachment":[{"href":"https:\/\/shop-ch.webrakete.ch\/fr\/wp-json\/wp\/v2\/media?parent=776"}],"wp:term":[{"taxonomy":"content_context","embeddable":true,"href":"https:\/\/shop-ch.webrakete.ch\/fr\/wp-json\/wp\/v2\/content_context?post=776"},{"taxonomy":"page_role","embeddable":true,"href":"https:\/\/shop-ch.webrakete.ch\/fr\/wp-json\/wp\/v2\/page_role?post=776"}],"curies":[{"name":"wp","href":"https:\/\/api.w.org\/{rel}","templated":true}]}}